{"id":1769,"date":"2022-10-25T14:48:24","date_gmt":"2022-10-25T14:48:24","guid":{"rendered":"https:\/\/graficaquantica.com\/?page_id=1769"},"modified":"2022-10-26T08:39:29","modified_gmt":"2022-10-26T08:39:29","slug":"portfolio-retoque","status":"publish","type":"page","link":"https:\/\/graficaquantica.com\/?page_id=1769","title":{"rendered":"PORTFOLIO RETOQUE"},"content":{"rendered":"<h1>RETOQUE<\/h1>\n<ul>\n<li>\n<p>        <img decoding=\"async\" src=\"\/2022\/wp-content\/uploads\/2022\/10\/Retoque-1.gif\" alt=\"\"><\/p>\n<div>\n<p>Integraci\u00f3n de texto en foto. AXN White.<\/p>\n<\/div>\n<\/li>\n<li>\n<p>        <img decoding=\"async\" src=\"\/2022\/wp-content\/uploads\/2022\/10\/Retoque-2.gif\" alt=\"\"><\/p>\n<div>\n<p>Correcci\u00f3n fotos de rodaje. Pantene.<\/p>\n<\/div>\n<\/li>\n<li>\n<p>        <img decoding=\"async\" src=\"\/2022\/wp-content\/uploads\/2022\/10\/Retoque-3.gif\" alt=\"\"><\/p>\n<div>\n<p>Ficticio decoraci\u00f3n Smart. AXN White<\/p>\n<\/div>\n<\/li>\n<li>\n<p>        <img decoding=\"async\" src=\"\/2022\/wp-content\/uploads\/2022\/10\/Retoque-4.gif\" alt=\"\"><\/p>\n<div>\n<p>Ficticio propuesta concurso Delikia. Ideare<\/p>\n<\/div>\n<\/li>\n<li>\n<p>        <img decoding=\"async\" src=\"\/2022\/wp-content\/uploads\/2022\/10\/Retoque-5.gif\" alt=\"\"><\/p>\n<div>\n<p>Cambio a espa\u00f1ol del t\u00edtulo original ingl\u00e9s. AXN<\/p>\n<\/div>\n<\/li>\n<li>\n<p>        <img decoding=\"async\" src=\"\/2022\/wp-content\/uploads\/2022\/10\/Retoque-6.gif\" alt=\"\"><\/p>\n<div>\n<p>Retoque e integraci\u00f3n de pantallas. Intex<\/p>\n<\/div>\n<\/li>\n<li>\n<p>        <img decoding=\"async\" src=\"\/2022\/wp-content\/uploads\/2022\/10\/Retoque-7.gif\" alt=\"\"><\/p>\n<div>\n<p>Integraci\u00f3n de nuevo suelo para Tarkett. Ideare<\/p>\n<\/div>\n<\/li>\n<li>\n<p>        <img decoding=\"async\" src=\"\/2022\/wp-content\/uploads\/2022\/10\/Retoque-8.gif\" alt=\"\"><\/p>\n<div>\n<p>Estudio disoluci\u00f3n. Autopromoci\u00f3n<\/p>\n<\/div>\n<\/li>\n<li>\n<p>        <img decoding=\"async\" src=\"\/2022\/wp-content\/uploads\/2022\/10\/Retoque-9.gif\" alt=\"\"><\/p>\n<div>\n<p>Composici\u00f3n tipogr\u00e1fica. Autopromoci\u00f3n<\/p>\n<\/div>\n<\/li>\n<li>\n<p>        <img decoding=\"async\" src=\"\/2022\/wp-content\/uploads\/2022\/10\/Retoque-10.gif\" alt=\"\"><\/p>\n<div>\n<p>Adecuaci\u00f3n fotos originales a dise\u00f1o de serie. AXN<\/p>\n<\/div>\n<\/li>\n<li>\n<p>        <img decoding=\"async\" src=\"\/2022\/wp-content\/uploads\/2022\/10\/Retoque-11.gif\" alt=\"\"><\/p>\n<div>\n<p>Ficticios de expositores para Johson&amp;Johnson<\/p>\n<\/div>\n<\/li>\n<li>\n<p>        <img decoding=\"async\" src=\"\/2022\/wp-content\/uploads\/2022\/10\/Retoque-12.gif\" alt=\"\"><\/p>\n<div>\n<p>Composici\u00f3n final desde diferentes tomas. AXN<\/p>\n<\/div>\n<\/li>\n<\/ul>\n<p><!--more--><br \/>\n<!-- {\"type\":\"layout\",\"children\":[{\"type\":\"section\",\"props\":{\"style\":\"primary\",\"width\":\"default\",\"vertical_align\":\"middle\",\"title_position\":\"top-left\",\"title_rotation\":\"left\",\"title_breakpoint\":\"xl\",\"image_position\":\"center-center\"},\"children\":[{\"type\":\"row\",\"children\":[{\"type\":\"column\",\"props\":{\"position_sticky_breakpoint\":\"m\",\"image_position\":\"center-center\",\"media_overlay_gradient\":\"\"},\"children\":[{\"type\":\"headline\",\"props\":{\"title_element\":\"h1\",\"content\":\"RETOQUE\"}},{\"type\":\"gallery\",\"props\":{\"show_title\":true,\"show_meta\":true,\"show_content\":true,\"show_link\":true,\"show_hover_image\":true,\"grid_default\":\"1\",\"grid_medium\":\"4\",\"filter_style\":\"tab\",\"filter_all\":true,\"filter_position\":\"top\",\"filter_align\":\"left\",\"filter_grid_width\":\"auto\",\"filter_grid_breakpoint\":\"m\",\"overlay_mode\":\"cover\",\"overlay_hover\":true,\"overlay_style\":\"overlay-default\",\"text_color\":\"light\",\"overlay_position\":\"center\",\"overlay_transition\":\"fade\",\"title_hover_style\":\"reset\",\"title_element\":\"h3\",\"meta_style\":\"meta\",\"meta_align\":\"below-title\",\"meta_element\":\"div\",\"link_text\":\"AMPLIAR\",\"link_style\":\"default\",\"text_align\":\"center\",\"margin\":\"default\",\"item_animation\":true,\"lightbox\":true,\"link_size\":\"small\"},\"children\":[{\"type\":\"gallery_item\",\"props\":{\"image\":\"wp-content\\\/uploads\\\/2022\\\/10\\\/Retoque-1.gif\",\"image_alt\":\"\",\"title\":\"\",\"meta\":\"\",\"content\":\"\n\n<p>Integraci\\u00f3n de texto en foto. AXN White.<\\\/p>\",\"text_color_hover\":false,\"text_color\":\"dark\"}},{\"type\":\"gallery_item\",\"props\":{\"image\":\"wp-content\\\/uploads\\\/2022\\\/10\\\/Retoque-2.gif\",\"image_alt\":\"\",\"title\":\"\",\"meta\":\"\",\"content\":\"\n\n<p>Correcci\\u00f3n fotos de rodaje. Pantene.<\\\/p>\",\"text_color_hover\":false,\"text_color\":\"dark\"}},{\"type\":\"gallery_item\",\"props\":{\"image\":\"wp-content\\\/uploads\\\/2022\\\/10\\\/Retoque-3.gif\",\"image_alt\":\"\",\"title\":\"\",\"meta\":\"\",\"content\":\"\n\n<p>Ficticio decoraci\\u00f3n Smart. AXN White<\\\/p>\",\"text_color_hover\":false,\"text_color\":\"dark\"}},{\"type\":\"gallery_item\",\"props\":{\"image\":\"wp-content\\\/uploads\\\/2022\\\/10\\\/Retoque-4.gif\",\"image_alt\":\"\",\"title\":\"\",\"meta\":\"\",\"content\":\"\n\n<p>Ficticio propuesta concurso Delikia. Ideare<\\\/p>\",\"text_color_hover\":false,\"text_color\":\"dark\"}},{\"type\":\"gallery_item\",\"props\":{\"image\":\"wp-content\\\/uploads\\\/2022\\\/10\\\/Retoque-5.gif\",\"image_alt\":\"\",\"title\":\"\",\"meta\":\"\",\"content\":\"\n\n<p>Cambio a espa\\u00f1ol del t\\u00edtulo original ingl\\u00e9s. AXN<\\\/p>\",\"text_color_hover\":false,\"text_color\":\"dark\"}},{\"type\":\"gallery_item\",\"props\":{\"image\":\"wp-content\\\/uploads\\\/2022\\\/10\\\/Retoque-6.gif\",\"image_alt\":\"\",\"title\":\"\",\"meta\":\"\",\"content\":\"\n\n<p>Retoque e integraci\\u00f3n de pantallas. Intex<\\\/p>\",\"text_color_hover\":false,\"text_color\":\"dark\"}},{\"type\":\"gallery_item\",\"props\":{\"image\":\"wp-content\\\/uploads\\\/2022\\\/10\\\/Retoque-7.gif\",\"image_alt\":\"\",\"title\":\"\",\"meta\":\"\",\"content\":\"\n\n<p>Integraci\\u00f3n de nuevo suelo para Tarkett. Ideare<\\\/p>\",\"text_color_hover\":false,\"text_color\":\"dark\"}},{\"type\":\"gallery_item\",\"props\":{\"image\":\"wp-content\\\/uploads\\\/2022\\\/10\\\/Retoque-8.gif\",\"image_alt\":\"\",\"title\":\"\",\"meta\":\"\",\"content\":\"\n\n<p>Estudio disoluci\\u00f3n. Autopromoci\\u00f3n<\\\/p>\",\"text_color_hover\":false,\"text_color\":\"dark\"}},{\"type\":\"gallery_item\",\"props\":{\"image\":\"wp-content\\\/uploads\\\/2022\\\/10\\\/Retoque-9.gif\",\"image_alt\":\"\",\"title\":\"\",\"meta\":\"\",\"content\":\"\n\n<p>Composici\\u00f3n tipogr\\u00e1fica. Autopromoci\\u00f3n<\\\/p>\",\"text_color_hover\":false,\"text_color\":\"dark\"}},{\"type\":\"gallery_item\",\"props\":{\"image\":\"wp-content\\\/uploads\\\/2022\\\/10\\\/Retoque-10.gif\",\"image_alt\":\"\",\"title\":\"\",\"meta\":\"\",\"content\":\"\n\n<p>Adecuaci\\u00f3n fotos originales a dise\\u00f1o de serie. AXN<\\\/p>\",\"text_color_hover\":false,\"text_color\":\"dark\"}},{\"type\":\"gallery_item\",\"props\":{\"image\":\"wp-content\\\/uploads\\\/2022\\\/10\\\/Retoque-11.gif\",\"image_alt\":\"\",\"title\":\"\",\"meta\":\"\",\"content\":\"\n\n<p>Ficticios de expositores para Johson&amp;Johnson<\\\/p>\",\"text_color_hover\":false,\"text_color\":\"dark\"}},{\"type\":\"gallery_item\",\"props\":{\"image\":\"wp-content\\\/uploads\\\/2022\\\/10\\\/Retoque-12.gif\",\"image_alt\":\"\",\"title\":\"\",\"meta\":\"\",\"content\":\"\n\n<p>Composici\\u00f3n final desde diferentes tomas. AXN<\\\/p>\",\"text_color_hover\":false,\"text_color\":\"dark\"}}]}]}]}],\"name\":\"Portfolio 12\"}],\"version\":\"2.7.22\"} --><\/p>\n","protected":false},"excerpt":{"rendered":"<p>RETOQUE Integraci\u00f3n de texto en foto. AXN White. Correcci\u00f3n fotos de rodaje. Pantene. Ficticio decoraci\u00f3n Smart. AXN White Ficticio propuesta concurso Delikia. Ideare Cambio a espa\u00f1ol del t\u00edtulo original ingl\u00e9s. AXN Retoque e integraci\u00f3n de pantallas. Intex Integraci\u00f3n de nuevo suelo para Tarkett. Ideare Estudio disoluci\u00f3n. Autopromoci\u00f3n Composici\u00f3n tipogr\u00e1fica. Autopromoci\u00f3n Adecuaci\u00f3n fotos originales a dise\u00f1o [&hellip;]<\/p>\n","protected":false},"author":1,"featured_media":0,"parent":0,"menu_order":0,"comment_status":"closed","ping_status":"closed","template":"","meta":{"footnotes":""},"class_list":["post-1769","page","type-page","status-publish","hentry"],"acf":[],"_links":{"self":[{"href":"https:\/\/graficaquantica.com\/index.php?rest_route=\/wp\/v2\/pages\/1769","targetHints":{"allow":["GET"]}}],"collection":[{"href":"https:\/\/graficaquantica.com\/index.php?rest_route=\/wp\/v2\/pages"}],"about":[{"href":"https:\/\/graficaquantica.com\/index.php?rest_route=\/wp\/v2\/types\/page"}],"author":[{"embeddable":true,"href":"https:\/\/graficaquantica.com\/index.php?rest_route=\/wp\/v2\/users\/1"}],"replies":[{"embeddable":true,"href":"https:\/\/graficaquantica.com\/index.php?rest_route=%2Fwp%2Fv2%2Fcomments&post=1769"}],"version-history":[{"count":8,"href":"https:\/\/graficaquantica.com\/index.php?rest_route=\/wp\/v2\/pages\/1769\/revisions"}],"predecessor-version":[{"id":1819,"href":"https:\/\/graficaquantica.com\/index.php?rest_route=\/wp\/v2\/pages\/1769\/revisions\/1819"}],"wp:attachment":[{"href":"https:\/\/graficaquantica.com\/index.php?rest_route=%2Fwp%2Fv2%2Fmedia&parent=1769"}],"curies":[{"name":"wp","href":"https:\/\/api.w.org\/{rel}","templated":true}]}}