{"id":1622,"date":"2022-07-31T17:42:28","date_gmt":"2022-07-31T17:42:28","guid":{"rendered":"https:\/\/graficaquantica.com\/?page_id=1622"},"modified":"2022-10-26T08:40:58","modified_gmt":"2022-10-26T08:40:58","slug":"portfolio-diseno","status":"publish","type":"page","link":"https:\/\/graficaquantica.com\/?page_id=1622","title":{"rendered":"PORTFOLIO DISE\u00d1O"},"content":{"rendered":"<h1>DISE\u00d1O<\/h1>\n<ul>\n<li>\n<p>        <img decoding=\"async\" src=\"\/2022\/wp-content\/uploads\/2022\/10\/Disen%CC%83o-grafico-1.gif\" alt=\"\"><\/p>\n<div>\n<p>Imagen corporativa para Nersis Solutions<\/p>\n<\/div>\n<\/li>\n<li>\n<p>        <img decoding=\"async\" src=\"\/2022\/wp-content\/uploads\/2022\/10\/Disen%CC%83o-grafico-2.gif\" alt=\"\"><\/p>\n<div>\n<p>Publicidad exterior para \u201cThe Good Doctor\u201d. Ideare y AXN<\/p>\n<\/div>\n<\/li>\n<li>\n<p>        <img decoding=\"async\" src=\"\/2022\/wp-content\/uploads\/2022\/10\/Disen%CC%83o-grafico-3.gif\" alt=\"\"><\/p>\n<div>\n<p>P\u00e1gina publicidad smarwatch iris<\/p>\n<\/div>\n<\/li>\n<li>\n<p>        <img decoding=\"async\" src=\"\/2022\/wp-content\/uploads\/2022\/10\/Disen%CC%83o-grafico-4.gif\" alt=\"\"><\/p>\n<div>\n<p>Dise\u00f1o palas pickleball para Mazepadel<\/p>\n<\/div>\n<\/li>\n<li>\n<p>        <img decoding=\"async\" src=\"\/2022\/wp-content\/uploads\/2022\/10\/Disen%CC%83o-grafico-5.gif\" alt=\"\"><\/p>\n<div>\n<p>Adaptaciones para redes sociales de Sony. Ideare y Sony<\/p>\n<\/div>\n<\/li>\n<li>\n<p>        <img decoding=\"async\" src=\"\/2022\/wp-content\/uploads\/2022\/10\/Disen%CC%83o-grafico-6.gif\" alt=\"\"><\/p>\n<div>\n<p>Decoraci\u00f3n buses para Ideare y AXN<\/p>\n<\/div>\n<\/li>\n<li>\n<p>        <img decoding=\"async\" src=\"\/2022\/wp-content\/uploads\/2022\/10\/Disen%CC%83o-grafico-7.gif\" alt=\"\"><\/p>\n<div>\n<p>Email m\u00e1rketing para cl\u00ednica Casa de Campo<\/p>\n<\/div>\n<\/li>\n<li>\n<p>        <img decoding=\"async\" src=\"\/2022\/wp-content\/uploads\/2022\/10\/Disen%CC%83o-grafico-8.gif\" alt=\"\"><\/p>\n<div>\n<p>Publicidad exterior para AXN Black Portugal<\/p>\n<\/div>\n<\/li>\n<li>\n<p>        <img decoding=\"async\" src=\"\/2022\/wp-content\/uploads\/2022\/10\/Disen%CC%83o-grafico-9.gif\" alt=\"\"><\/p>\n<div>\n<p>Email marketing Occidental Hoteles<\/p>\n<\/div>\n<\/li>\n<li>\n<p>        <img decoding=\"async\" src=\"\/2022\/wp-content\/uploads\/2022\/10\/Disen%CC%83o-grafico-10.gif\" alt=\"\"><\/p>\n<div>\n<p>Campa\u00f1a lanzamiento Animax<\/p>\n<\/div>\n<\/li>\n<li>\n<p>        <img decoding=\"async\" src=\"\/2022\/wp-content\/uploads\/2022\/10\/Disen%CC%83o-grafico-11.gif\" alt=\"\"><\/p>\n<div>\n<p>P\u00e1gina prensa campa\u00f1a Aire Bueno LG<\/p>\n<\/div>\n<\/li>\n<li>\n<p>        <img decoding=\"async\" src=\"\/2022\/wp-content\/uploads\/2022\/10\/Disen%CC%83o-grafico-12.gif\" alt=\"\"><\/p>\n<div>\n<p>Camisetas eventos diferentes marcas<\/p>\n<\/div>\n<\/li>\n<\/ul>\n<p><!--more--><br \/>\n<!-- {\"type\":\"layout\",\"children\":[{\"type\":\"section\",\"props\":{\"style\":\"primary\",\"width\":\"default\",\"vertical_align\":\"middle\",\"title_position\":\"top-left\",\"title_rotation\":\"left\",\"title_breakpoint\":\"xl\",\"image_position\":\"center-center\"},\"children\":[{\"type\":\"row\",\"children\":[{\"type\":\"column\",\"props\":{\"position_sticky_breakpoint\":\"m\",\"image_position\":\"center-center\",\"media_overlay_gradient\":\"\"},\"children\":[{\"type\":\"headline\",\"props\":{\"title_element\":\"h1\",\"content\":\"DISE\\u00d1O\"}},{\"type\":\"gallery\",\"props\":{\"show_title\":true,\"show_meta\":true,\"show_content\":true,\"show_link\":true,\"show_hover_image\":true,\"grid_default\":\"1\",\"grid_medium\":\"4\",\"filter_style\":\"tab\",\"filter_all\":true,\"filter_position\":\"top\",\"filter_align\":\"left\",\"filter_grid_width\":\"auto\",\"filter_grid_breakpoint\":\"m\",\"overlay_mode\":\"cover\",\"overlay_hover\":true,\"overlay_style\":\"overlay-default\",\"text_color\":\"light\",\"overlay_position\":\"center\",\"overlay_transition\":\"fade\",\"title_hover_style\":\"reset\",\"title_element\":\"h3\",\"meta_style\":\"meta\",\"meta_align\":\"below-title\",\"meta_element\":\"div\",\"link_text\":\"AMPLIAR\",\"link_style\":\"default\",\"text_align\":\"center\",\"margin\":\"default\",\"item_animation\":true,\"lightbox\":true,\"link_size\":\"small\"},\"children\":[{\"type\":\"gallery_item\",\"props\":{\"image\":\"wp-content\\\/uploads\\\/2022\\\/10\\\/Disen\\u0303o-grafico-1.gif\",\"image_alt\":\"\",\"title\":\"\",\"meta\":\"\",\"content\":\"\n\n<p>Imagen corporativa para Nersis Solutions<\\\/p>\",\"text_color_hover\":false,\"text_color\":\"dark\"}},{\"type\":\"gallery_item\",\"props\":{\"image\":\"wp-content\\\/uploads\\\/2022\\\/10\\\/Disen\\u0303o-grafico-2.gif\",\"image_alt\":\"\",\"title\":\"\",\"meta\":\"\",\"content\":\"\n\n<p>Publicidad exterior para \\u201cThe Good Doctor\\u201d. Ideare y AXN<\\\/p>\",\"text_color_hover\":false,\"text_color\":\"dark\"}},{\"type\":\"gallery_item\",\"props\":{\"image\":\"wp-content\\\/uploads\\\/2022\\\/10\\\/Disen\\u0303o-grafico-3.gif\",\"image_alt\":\"\",\"title\":\"\",\"meta\":\"\",\"content\":\"\n\n<p>P\\u00e1gina publicidad smarwatch iris<\\\/p>\",\"text_color_hover\":false,\"text_color\":\"dark\"}},{\"type\":\"gallery_item\",\"props\":{\"image\":\"wp-content\\\/uploads\\\/2022\\\/10\\\/Disen\\u0303o-grafico-4.gif\",\"image_alt\":\"\",\"title\":\"\",\"meta\":\"\",\"content\":\"\n\n<p>Dise\\u00f1o palas pickleball para Mazepadel<\\\/p>\",\"text_color_hover\":false,\"text_color\":\"dark\"}},{\"type\":\"gallery_item\",\"props\":{\"image\":\"wp-content\\\/uploads\\\/2022\\\/10\\\/Disen\\u0303o-grafico-5.gif\",\"image_alt\":\"\",\"title\":\"\",\"meta\":\"\",\"content\":\"\n\n<p>Adaptaciones para redes sociales de Sony. Ideare y Sony<\\\/p>\",\"text_color_hover\":false,\"text_color\":\"dark\"}},{\"type\":\"gallery_item\",\"props\":{\"image\":\"wp-content\\\/uploads\\\/2022\\\/10\\\/Disen\\u0303o-grafico-6.gif\",\"image_alt\":\"\",\"title\":\"\",\"meta\":\"\",\"content\":\"\n\n<p>Decoraci\\u00f3n buses para Ideare y AXN<\\\/p>\",\"text_color_hover\":false,\"text_color\":\"dark\"}},{\"type\":\"gallery_item\",\"props\":{\"image\":\"wp-content\\\/uploads\\\/2022\\\/10\\\/Disen\\u0303o-grafico-7.gif\",\"image_alt\":\"\",\"title\":\"\",\"meta\":\"\",\"content\":\"\n\n<p>Email m\\u00e1rketing para cl\\u00ednica Casa de Campo<\\\/p>\",\"text_color_hover\":false,\"text_color\":\"dark\"}},{\"type\":\"gallery_item\",\"props\":{\"image\":\"wp-content\\\/uploads\\\/2022\\\/10\\\/Disen\\u0303o-grafico-8.gif\",\"image_alt\":\"\",\"title\":\"\",\"meta\":\"\",\"content\":\"\n\n<p>Publicidad exterior para AXN Black Portugal<\\\/p>\",\"text_color_hover\":false,\"text_color\":\"dark\"}},{\"type\":\"gallery_item\",\"props\":{\"image\":\"wp-content\\\/uploads\\\/2022\\\/10\\\/Disen\\u0303o-grafico-9.gif\",\"image_alt\":\"\",\"title\":\"\",\"meta\":\"\",\"content\":\"\n\n<p>Email marketing Occidental Hoteles<\\\/p>\",\"text_color_hover\":false,\"text_color\":\"dark\"}},{\"type\":\"gallery_item\",\"props\":{\"image\":\"wp-content\\\/uploads\\\/2022\\\/10\\\/Disen\\u0303o-grafico-10.gif\",\"image_alt\":\"\",\"title\":\"\",\"meta\":\"\",\"content\":\"\n\n<p>Campa\\u00f1a lanzamiento Animax<\\\/p>\",\"text_color_hover\":false,\"text_color\":\"dark\"}},{\"type\":\"gallery_item\",\"props\":{\"image\":\"wp-content\\\/uploads\\\/2022\\\/10\\\/Disen\\u0303o-grafico-11.gif\",\"image_alt\":\"\",\"title\":\"\",\"meta\":\"\",\"content\":\"\n\n<p>P\\u00e1gina prensa campa\\u00f1a Aire Bueno LG<\\\/p>\",\"text_color_hover\":false,\"text_color\":\"dark\"}},{\"type\":\"gallery_item\",\"props\":{\"image\":\"wp-content\\\/uploads\\\/2022\\\/10\\\/Disen\\u0303o-grafico-12.gif\",\"image_alt\":\"\",\"title\":\"\",\"meta\":\"\",\"content\":\"\n\n<p>Camisetas eventos diferentes marcas<\\\/p>\",\"text_color_hover\":false,\"text_color\":\"dark\"}}]}]}]}]}],\"version\":\"2.7.22\"} --><\/p>\n","protected":false},"excerpt":{"rendered":"<p>DISE\u00d1O Imagen corporativa para Nersis Solutions Publicidad exterior para \u201cThe Good Doctor\u201d. Ideare y AXN P\u00e1gina publicidad smarwatch iris Dise\u00f1o palas pickleball para Mazepadel Adaptaciones para redes sociales de Sony. Ideare y Sony Decoraci\u00f3n buses para Ideare y AXN Email m\u00e1rketing para cl\u00ednica Casa de Campo Publicidad exterior para AXN Black Portugal Email marketing Occidental [&hellip;]<\/p>\n","protected":false},"author":1,"featured_media":0,"parent":0,"menu_order":0,"comment_status":"closed","ping_status":"closed","template":"","meta":{"footnotes":""},"class_list":["post-1622","page","type-page","status-publish","hentry"],"acf":[],"_links":{"self":[{"href":"https:\/\/graficaquantica.com\/index.php?rest_route=\/wp\/v2\/pages\/1622","targetHints":{"allow":["GET"]}}],"collection":[{"href":"https:\/\/graficaquantica.com\/index.php?rest_route=\/wp\/v2\/pages"}],"about":[{"href":"https:\/\/graficaquantica.com\/index.php?rest_route=\/wp\/v2\/types\/page"}],"author":[{"embeddable":true,"href":"https:\/\/graficaquantica.com\/index.php?rest_route=\/wp\/v2\/users\/1"}],"replies":[{"embeddable":true,"href":"https:\/\/graficaquantica.com\/index.php?rest_route=%2Fwp%2Fv2%2Fcomments&post=1622"}],"version-history":[{"count":9,"href":"https:\/\/graficaquantica.com\/index.php?rest_route=\/wp\/v2\/pages\/1622\/revisions"}],"predecessor-version":[{"id":1821,"href":"https:\/\/graficaquantica.com\/index.php?rest_route=\/wp\/v2\/pages\/1622\/revisions\/1821"}],"wp:attachment":[{"href":"https:\/\/graficaquantica.com\/index.php?rest_route=%2Fwp%2Fv2%2Fmedia&parent=1622"}],"curies":[{"name":"wp","href":"https:\/\/api.w.org\/{rel}","templated":true}]}}