{"id":1,"date":"2020-11-17T13:56:54","date_gmt":"2020-11-17T13:56:54","guid":{"rendered":"https:\/\/graficaquantica.com\/?p=1"},"modified":"2022-10-27T09:11:49","modified_gmt":"2022-10-27T09:11:49","slug":"home","status":"publish","type":"page","link":"https:\/\/graficaquantica.com\/","title":{"rendered":"Home"},"content":{"rendered":"<ul>\n<li>\n<p>        <img decoding=\"async\" src=\"\/wp-content\/uploads\/2022\/10\/slide1_1-2.jpg\" alt=\"\"><\/p>\n<h2>MEJORA LA COMUNICACI\u00d3N DE TU EMPRESA<\/h2>\n<div>\n<h4 style=\"color: #ffffff; font-weight: normal;\">Desde tu imagen corporativa hasta tu p\u00e1gina web o la decoraci\u00f3n de tu local, <br \/>podemos darle a tu negocio el impulso que necesita para no quedarse descolgado de la competencia.<\/h4>\n<\/div>\n<\/li>\n<li>\n<p>        <img decoding=\"async\" src=\"\/wp-content\/uploads\/2022\/10\/Slide2_Comunicacion_online.jpg\" alt=\"\"><\/p>\n<h2>COMUNICACI\u00d3N ONLINE<\/h2>\n<div>\n<h4 style=\"color: #ffffff; font-weight: normal;\">Banners y skink de publicidad, email marketing, redes sociales\u2026 <br \/>llega de forma efectiva hasta tu p\u00fablico diferenci\u00e1ndote de la competencia.<\/h4>\n<\/div>\n<\/li>\n<li>\n<p>        <img decoding=\"async\" src=\"\/wp-content\/uploads\/2022\/10\/Slide3_Comunicacion_offline.jpg\" alt=\"\"><\/p>\n<h2>COMUNICACI\u00d3N OFFLINE<\/h2>\n<div>\n<h4 style=\"color: #ffffff; font-weight: normal;\">El soporte f\u00edsico sigue siendo una herramienta esencial para salir al paso de tus clientes. <br \/>Publicidad exterior y en medios impresos, regalo promocional, eventos\u2026 <br \/>todo por menos coste del que imaginas.<\/h4>\n<\/div>\n<\/li>\n<\/ul>\n<h2>\u00bfQU\u00c9 PODEMOS HACER POR TI?<\/h2>\n<div>\n<p>Estos son los servicios que te ofrecemos para hacer crecer tu empresa, producto o servicio.<\/p>\n<\/div>\n<ul>\n<li>\n<p>        <img decoding=\"async\" src=\"\/wp-content\/uploads\/2022\/10\/serv1.png\" alt=\"Imagen Corporativa\"><\/p>\n<h3>IMAGEN CORPORATIVA<\/h3>\n<div>\n<p>Transmitir los valores de tu marca es fundamental para posicionarse y conectar con tu p\u00fablico, e incluye mucho m\u00e1s que el dise\u00f1o de un logotipo. \u00bfNecesitas crear una nueva imagen o renovar la que tienes? Ll\u00e1manos y estudiaremos tu caso.<\/p>\n<\/div>\n<\/li>\n<li>\n<p>        <img decoding=\"async\" src=\"\/wp-content\/uploads\/2022\/10\/serv2.png\" alt=\"\"><\/p>\n<h3>COMUNICACI\u00d3N OFFLINE<\/h3>\n<div>\n<p>Desde folletos o cat\u00e1logos hasta publicidad exterior o en el punto de venta, los soportes f\u00edsicos integran tu producto o servicio en el mundo real y los hace participar del d\u00eda a d\u00eda de tus clientes. \u00a1No renuncies a ella!.<\/p>\n<\/div>\n<\/li>\n<li>\n<p>        <img decoding=\"async\" src=\"\/wp-content\/uploads\/2022\/10\/serv3.png\" alt=\"\"><\/p>\n<h3>COMUNICACI\u00d3N ONLINE<\/h3>\n<div>\n<p>Ahora mismo es imprescindible la presencia en el entorno digital: redes sociales, banners, p\u00e1ginas web&#8230; Si crees que tu negocio no lo necesita, piensa de nuevo: \u00bfQu\u00e9 hace tu competencia? \u00bfD\u00f3nde est\u00e1 tu p\u00fablico?<\/p>\n<\/div>\n<\/li>\n<\/ul>\n<h2>PORTFOLIO<\/h2>\n<div>\n<p>Sea cual sea tu proyecto, ponemos toda nuestra experiencia a tu servicio.<\/p>\n<\/div>\n<ul>\n<li>\n<p>        <img decoding=\"async\" src=\"\/wp-content\/uploads\/2022\/10\/diseno.png\" alt=\"Dise\u00f1o\"><\/p>\n<h3>DISE\u00d1O<\/h3>\n<div>\n<p>M\u00e1s de 25 a\u00f1os trabajando para agencias de publicidad, estudios de dise\u00f1o, grandes y peque\u00f1as empresas&#8230; y encontrando siempre las soluciones \u00f3ptimas para las necesidades de nuestros clientes.<\/p>\n<\/div>\n<p><a href=\"https:\/\/graficaquantica.com\/?page_id=1622\">PORTFOLIO DISE\u00d1O<\/a><\/p>\n<\/li>\n<li>\n<p>        <img decoding=\"async\" src=\"\/wp-content\/uploads\/2022\/10\/retoque.png\" alt=\"Retoque\"><\/p>\n<h3>RETOQUE<\/h3>\n<div>\n<p>Mejora las fotograf\u00edas de tu tienda online y aumenta su valor percibido. Presenta tus propuestas en entornos reales gracias a los ficticios o consigue efectos visuales impactantes y originales en tu comunicaci\u00f3n.<\/p>\n<\/div>\n<p><a href=\"https:\/\/graficaquantica.com\/?page_id=1769\">PORTFOLIO RETOQUE<\/a><\/p>\n<\/li>\n<li>\n<p>        <img decoding=\"async\" src=\"\/wp-content\/uploads\/2022\/10\/ilustra.png\" alt=\"Ilustraci\u00f3n\"><\/p>\n<h3>ILUSTRACI\u00d3N<\/h3>\n<div>\n<p>Desde acabados realistas a estilos de c\u00f3mic o animaci\u00f3n, la ilustraci\u00f3n permite encontrar un estilo propio de tu marca para diferenciarte a\u00fan m\u00e1s de la competencia.<\/p>\n<\/div>\n<p><a href=\"https:\/\/graficaquantica.com\/?page_id=1764\">PORTFOLIO ILUSTRACI\u00d3N<\/a><\/p>\n<\/li>\n<\/ul>\n<div>\n<p>M\u00e1s de 30 a\u00f1os de experiencia en estudios y agencias de publicidad en coordinaci\u00f3n con expertos en dise\u00f1o web y de interiores nos permiten ofrecerte soluciones de comunicaci\u00f3n para cualquier necesidad.\u00a0<\/p>\n<p><em>El buen dise\u00f1o debe ser m\u00e1s de una cosa al mismo tiempo, estar de forma simult\u00e1nea en tantos lugares como se pueda, comportarse como mensaje, pero tambi\u00e9n como imagen&#8230; una naturaleza extra\u00f1a, r\u00e1pida y cambiante que recuerda a la misma esencia de la materia. <br \/>De ah\u00ed GR\u00c1FICA QU\u00c1NTICA.<\/em><\/p>\n<\/div>\n<p><!--more--><br \/>\n<!-- {\"name\":\"Home\",\"type\":\"layout\",\"children\":[{\"name\":\"Hero\",\"type\":\"section\",\"props\":{\"style\":\"default\",\"width\":\"\",\"vertical_align\":\"middle\",\"title_position\":\"top-left\",\"title_rotation\":\"left\",\"title_breakpoint\":\"xl\",\"image_position\":\"center-center\",\"padding\":\"none\",\"animation_delay\":false},\"children\":[{\"name\":\"\",\"type\":\"row\",\"children\":[{\"name\":\"\",\"type\":\"column\",\"props\":{\"image_position\":\"center-center\",\"media_overlay_gradient\":\"\",\"width_medium\":\"1-1\",\"position_sticky_breakpoint\":\"m\"},\"children\":[{\"name\":\"\",\"type\":\"slideshow\",\"props\":{\"show_title\":true,\"show_meta\":true,\"show_content\":true,\"show_link\":true,\"show_thumbnail\":true,\"slideshow_min_height\":\"700\",\"slideshow_autoplay_pause\":false,\"nav\":\"dotnav\",\"nav_position\":\"bottom-center\",\"nav_position_margin\":\"\",\"nav_align\":\"center\",\"nav_breakpoint\":\"\",\"thumbnav_width\":\"100\",\"thumbnav_height\":\"75\",\"slidenav\":\"default\",\"slidenav_margin\":\"medium\",\"slidenav_breakpoint\":\"m\",\"overlay_position\":\"center\",\"overlay_animation\":\"parallax\",\"title_element\":\"h2\",\"meta_style\":\"h6\",\"meta_align\":\"above-title\",\"link_text\":\"View House\",\"link_style\":\"primary\",\"margin\":\"default\",\"slideshow_height\":\"percent\",\"text_color\":\"light\",\"slideshow_animation\":\"\",\"overlay_container\":\"\",\"overlay_width\":\"\",\"overlay_parallax_x_start\":\"\",\"overlay_parallax_x_end\":\"\",\"title_style\":\"h1\",\"text_align\":\"center\",\"text_align_fallback\":\"center\",\"slideshow_autoplay\":true,\"slideshow_velocity\":0.6,\"slidenav_outside_breakpoint\":\"xl\",\"image_width\":\"2560\",\"thumbnav_svg_color\":\"emphasis\",\"meta_element\":\"div\",\"slidenav_hover\":false,\"slideshow_ratio\":\"16:7\",\"slideshow_max_height\":\"840\",\"animation\":\"fade\",\"title_parallax_x_start\":\"-200\",\"title_parallax_x_end\":\"200\",\"title_parallax_opacity_start\":\"0\",\"title_parallax_opacity_end\":\"1\",\"meta_parallax_y_start\":\"-50\",\"meta_parallax_y_end\":\"0\",\"meta_parallax_opacity_start\":\"0\",\"meta_parallax_opacity_end\":\"1\",\"link_parallax_y_start\":\"50\",\"link_parallax_y_end\":\"0\",\"link_parallax_opacity_start\":\"0\",\"link_parallax_opacity_end\":\"1\",\"title_parallax_y_start\":\"\",\"title_parallax_y_end\":\"\",\"slidenav_large\":false,\"overlay_container_padding\":\"xsmall\",\"overlay_margin\":\"small\",\"overlay_style\":\"overlay-default\",\"title_color\":\"success\"},\"children\":[{\"type\":\"slideshow_item\",\"props\":{\"image\":\"wp-content\\\/uploads\\\/2022\\\/10\\\/slide1_1-2.jpg\",\"image_alt\":\"\",\"title\":\"MEJORA LA COMUNICACI\\u00d3N DE TU EMPRESA\",\"meta\":\"\",\"content\":\"\n\n<h4 style=\\\"color: #ffffff; font-weight: normal;\\\">Desde tu imagen corporativa hasta tu p\\u00e1gina web o la decoraci\\u00f3n de tu local, <br \\\/>podemos darle a tu negocio el impulso que necesita para no quedarse descolgado de la competencia.<\\\/h4>\"}},{\"type\":\"slideshow_item\",\"props\":{\"image\":\"wp-content\\\/uploads\\\/2022\\\/10\\\/Slide2_Comunicacion_online.jpg\",\"title\":\"COMUNICACI\\u00d3N ONLINE\",\"content\":\"\n\n<h4 style=\\\"color: #ffffff; font-weight: normal;\\\">Banners y skink de publicidad, email marketing, redes sociales\\u2026 <br \\\/>llega de forma efectiva hasta tu p\\u00fablico diferenci\\u00e1ndote de la competencia.<\\\/h4>\"}},{\"type\":\"slideshow_item\",\"props\":{\"image\":\"wp-content\\\/uploads\\\/2022\\\/10\\\/Slide3_Comunicacion_offline.jpg\",\"title\":\"COMUNICACI\\u00d3N OFFLINE\",\"content\":\"\n\n<h4 style=\\\"color: #ffffff; font-weight: normal;\\\">El soporte f\\u00edsico sigue siendo una herramienta esencial para salir al paso de tus clientes. <br \\\/>Publicidad exterior y en medios impresos, regalo promocional, eventos\\u2026 <br \\\/>todo por menos coste del que imaginas.<\\\/h4>\"}}]}]}]}]},{\"type\":\"section\",\"props\":{\"style\":\"default\",\"width\":\"default\",\"vertical_align\":\"middle\",\"title_position\":\"top-left\",\"title_rotation\":\"left\",\"title_breakpoint\":\"xl\",\"image_position\":\"center-center\",\"padding_remove_bottom\":true,\"id\":\"servicios\"},\"children\":[{\"type\":\"row\",\"children\":[{\"type\":\"column\",\"props\":{\"position_sticky_breakpoint\":\"m\",\"image_position\":\"center-center\",\"media_overlay_gradient\":\"\"},\"children\":[{\"type\":\"headline\",\"props\":{\"title_element\":\"h2\",\"content\":\"\\u00bfQU\\u00c9 PODEMOS HACER POR TI?\",\"title_color\":\"primary\",\"text_align\":\"center\"}},{\"type\":\"text\",\"props\":{\"margin\":\"default\",\"column_breakpoint\":\"m\",\"content\":\"\n\n<p>Estos son los servicios que te ofrecemos para hacer crecer tu empresa, producto o servicio.<\\\/p>\",\"text_align\":\"center\"}}]}],\"props\":{\"id\":\"#servicios\"}}]},{\"type\":\"section\",\"props\":{\"style\":\"default\",\"width\":\"default\",\"vertical_align\":\"middle\",\"title_position\":\"top-left\",\"title_rotation\":\"left\",\"title_breakpoint\":\"xl\",\"image_position\":\"center-center\",\"padding_remove_top\":false,\"padding\":\"small\",\"animation\":\"scale-up\"},\"children\":[{\"type\":\"row\",\"children\":[{\"type\":\"column\",\"props\":{\"position_sticky_breakpoint\":\"m\",\"image_position\":\"center-center\",\"media_overlay_gradient\":\"\"},\"children\":[{\"type\":\"grid\",\"props\":{\"show_title\":true,\"show_meta\":true,\"show_content\":true,\"show_image\":true,\"show_link\":true,\"grid_default\":\"1\",\"grid_medium\":\"3\",\"filter_style\":\"tab\",\"filter_all\":true,\"filter_position\":\"top\",\"filter_align\":\"left\",\"filter_grid_width\":\"auto\",\"filter_grid_breakpoint\":\"m\",\"title_hover_style\":\"reset\",\"title_element\":\"h3\",\"title_align\":\"top\",\"title_grid_width\":\"1-2\",\"title_grid_breakpoint\":\"m\",\"meta_style\":\"meta\",\"meta_align\":\"below-title\",\"meta_element\":\"div\",\"content_column_breakpoint\":\"m\",\"icon_width\":80,\"image_align\":\"top\",\"image_grid_width\":\"1-2\",\"image_grid_breakpoint\":\"m\",\"image_svg_color\":\"emphasis\",\"link_text\":\"Saber m\\u00e1s\",\"link_style\":\"primary\",\"margin\":\"default\",\"item_animation\":true,\"lightbox\":false,\"panel_style\":\"card-secondary\",\"panel_image_no_padding\":true,\"panel_padding\":\"small\",\"panel_link\":true,\"content_dropcap\":false,\"text_align\":\"center\",\"class\":\"\",\"title_style\":\"h5\",\"content_align\":true},\"children\":[{\"type\":\"grid_item\",\"props\":{\"title\":\"IMAGEN CORPORATIVA\",\"content\":\"\n\n<p>Transmitir los valores de tu marca es fundamental para posicionarse y conectar con tu p\\u00fablico, e incluye mucho m\\u00e1s que el dise\\u00f1o de un logotipo. \\u00bfNecesitas crear una nueva imagen o renovar la que tienes? Ll\\u00e1manos y estudiaremos tu caso.<\\\/p>\",\"image\":\"wp-content\\\/uploads\\\/2022\\\/10\\\/serv1.png\",\"link\":\"\",\"link_text\":\"Saber m\\u00e1s\",\"panel_style\":\"card-secondary\",\"image_alt\":\"Imagen Corporativa\"}},{\"type\":\"grid_item\",\"props\":{\"title\":\"COMUNICACI\\u00d3N OFFLINE\",\"content\":\"\n\n<p>Desde folletos o cat\\u00e1logos hasta publicidad exterior o en el punto de venta, los soportes f\\u00edsicos integran tu producto o servicio en el mundo real y los hace participar del d\\u00eda a d\\u00eda de tus clientes. \\u00a1No renuncies a ella!.<\\\/p>\",\"image\":\"wp-content\\\/uploads\\\/2022\\\/10\\\/serv2.png\",\"link\":\"\",\"link_text\":\"Saber m\\u00e1s\",\"panel_style\":\"card-secondary\"}},{\"type\":\"grid_item\",\"props\":{\"title\":\"COMUNICACI\\u00d3N ONLINE\",\"content\":\"\n\n<p>Ahora mismo es imprescindible la presencia en el entorno digital: redes sociales, banners, p\\u00e1ginas web... Si crees que tu negocio no lo necesita, piensa de nuevo: \\u00bfQu\\u00e9 hace tu competencia? \\u00bfD\\u00f3nde est\\u00e1 tu p\\u00fablico?<\\\/p>\",\"image\":\"wp-content\\\/uploads\\\/2022\\\/10\\\/serv3.png\",\"link\":\"\",\"link_text\":\"Saber m\\u00e1s\",\"panel_style\":\"card-secondary\"}}]}]}]}]},{\"type\":\"section\",\"props\":{\"style\":\"secondary\",\"width\":\"default\",\"vertical_align\":\"middle\",\"title_position\":\"top-left\",\"title_rotation\":\"left\",\"title_breakpoint\":\"xl\",\"image_position\":\"center-center\",\"preserve_color\":true,\"animation\":\"slide-right\",\"id\":\"portfolio\"},\"children\":[{\"type\":\"row\",\"children\":[{\"type\":\"column\",\"props\":{\"position_sticky_breakpoint\":\"m\",\"image_position\":\"center-center\",\"media_overlay_gradient\":\"\"},\"children\":[{\"type\":\"headline\",\"props\":{\"title_element\":\"h2\",\"content\":\"PORTFOLIO\",\"title_color\":\"primary\",\"text_align\":\"center\"}},{\"type\":\"text\",\"props\":{\"margin\":\"default\",\"column_breakpoint\":\"m\",\"content\":\"\n\n<p>Sea cual sea tu proyecto, ponemos toda nuestra experiencia a tu servicio.<\\\/p>\",\"text_align\":\"center\"}},{\"type\":\"grid\",\"props\":{\"show_title\":true,\"show_meta\":true,\"show_content\":true,\"show_image\":true,\"show_link\":true,\"grid_default\":\"1\",\"grid_medium\":\"3\",\"filter_style\":\"tab\",\"filter_all\":true,\"filter_position\":\"top\",\"filter_align\":\"left\",\"filter_grid_width\":\"auto\",\"filter_grid_breakpoint\":\"m\",\"title_hover_style\":\"reset\",\"title_element\":\"h3\",\"title_align\":\"top\",\"title_grid_width\":\"1-2\",\"title_grid_breakpoint\":\"m\",\"meta_style\":\"meta\",\"meta_align\":\"below-title\",\"meta_element\":\"div\",\"content_column_breakpoint\":\"m\",\"icon_width\":80,\"image_align\":\"top\",\"image_grid_width\":\"1-2\",\"image_grid_breakpoint\":\"m\",\"image_svg_color\":\"emphasis\",\"link_text\":\"Saber m\\u00e1s\",\"link_style\":\"primary\",\"margin\":\"default\",\"item_animation\":true,\"lightbox\":false,\"panel_image_no_padding\":true,\"panel_padding\":\"small\",\"panel_link\":true,\"content_dropcap\":false,\"text_align\":\"center\",\"class\":\"\",\"title_style\":\"h5\",\"grid_column_align\":false,\"grid_row_align\":false,\"content_align\":true},\"children\":[{\"type\":\"grid_item\",\"props\":{\"title\":\"DISE\\u00d1O\",\"content\":\"\n\n<p>M\\u00e1s de 25 a\\u00f1os trabajando para agencias de publicidad, estudios de dise\\u00f1o, grandes y peque\\u00f1as empresas... y encontrando siempre las soluciones \\u00f3ptimas para las necesidades de nuestros clientes.<\\\/p>\",\"image\":\"wp-content\\\/uploads\\\/2022\\\/10\\\/diseno.png\",\"link\":\"https:\\\/\\\/graficaquantica.com\\\/?page_id=1622\",\"link_text\":\"PORTFOLIO DISE\\u00d1O\",\"panel_style\":\"card-default\",\"image_alt\":\"Dise\\u00f1o\"}},{\"type\":\"grid_item\",\"props\":{\"title\":\"RETOQUE\",\"content\":\"\n\n<p>Mejora las fotograf\\u00edas de tu tienda online y aumenta su valor percibido. Presenta tus propuestas en entornos reales gracias a los ficticios o consigue efectos visuales impactantes y originales en tu comunicaci\\u00f3n.<\\\/p>\",\"image\":\"wp-content\\\/uploads\\\/2022\\\/10\\\/retoque.png\",\"link\":\"https:\\\/\\\/graficaquantica.com\\\/?page_id=1769\",\"link_text\":\"PORTFOLIO RETOQUE\",\"panel_style\":\"card-default\",\"image_alt\":\"Retoque\"}},{\"type\":\"grid_item\",\"props\":{\"title\":\"ILUSTRACI\\u00d3N\",\"content\":\"\n\n<p>Desde acabados realistas a estilos de c\\u00f3mic o animaci\\u00f3n, la ilustraci\\u00f3n permite encontrar un estilo propio de tu marca para diferenciarte a\\u00fan m\\u00e1s de la competencia.\n\n<\\\/p>\",\"image\":\"wp-content\\\/uploads\\\/2022\\\/10\\\/ilustra.png\",\"link\":\"https:\\\/\\\/graficaquantica.com\\\/?page_id=1764\",\"link_text\":\"PORTFOLIO ILUSTRACI\\u00d3N\",\"panel_style\":\"card-default\",\"image_alt\":\"Ilustraci\\u00f3n\"}}]}]}]}]},{\"type\":\"section\",\"props\":{\"style\":\"primary\",\"width\":\"default\",\"vertical_align\":\"middle\",\"title_position\":\"top-left\",\"title_rotation\":\"left\",\"title_breakpoint\":\"xl\",\"image_position\":\"center-center\",\"image\":\"wp-content\\\/uploads\\\/2022\\\/10\\\/fondo_prim1.png\",\"image_size\":\"cover\"},\"children\":[{\"type\":\"row\",\"children\":[{\"type\":\"column\",\"props\":{\"position_sticky_breakpoint\":\"m\",\"image_position\":\"top-left\",\"media_overlay_gradient\":\"\",\"image\":\"\",\"image_size\":\"contain\"},\"children\":[{\"type\":\"text\",\"props\":{\"margin\":\"default\",\"column_breakpoint\":\"m\",\"content\":\"\n\n<p>M\\u00e1s de 30 a\\u00f1os de experiencia en estudios y agencias de publicidad en coordinaci\\u00f3n con expertos en dise\\u00f1o web y de interiores nos permiten ofrecerte soluciones de comunicaci\\u00f3n para cualquier necesidad.\\u00a0<\\\/p>\\n\n\n<p><em>El buen dise\\u00f1o debe ser m\\u00e1s de una cosa al mismo tiempo, estar de forma simult\\u00e1nea en tantos lugares como se pueda, comportarse como mensaje, pero tambi\\u00e9n como imagen... una naturaleza extra\\u00f1a, r\\u00e1pida y cambiante que recuerda a la misma esencia de la materia. <br \\\/>De ah\\u00ed GR\\u00c1FICA QU\\u00c1NTICA.<\\\/em><\\\/p>\",\"text_color\":\"secondary\"}}]}],\"props\":{\"width\":\"xsmall\",\"width_expand\":\"left\",\"id\":\"nosotros\"}}]}],\"version\":\"2.7.22\"} --><\/p>\n","protected":false},"excerpt":{"rendered":"<p>MEJORA LA COMUNICACI\u00d3N DE TU EMPRESA Desde tu imagen corporativa hasta tu p\u00e1gina web o la decoraci\u00f3n de tu local, podemos darle a tu negocio el impulso que necesita para no quedarse descolgado de la competencia. COMUNICACI\u00d3N ONLINE Banners y skink de publicidad, email marketing, redes sociales\u2026 llega de forma efectiva hasta tu p\u00fablico diferenci\u00e1ndote [&hellip;]<\/p>\n","protected":false},"author":1,"featured_media":1000,"parent":0,"menu_order":10,"comment_status":"open","ping_status":"open","template":"","meta":{"footnotes":""},"class_list":["post-1","page","type-page","status-publish","has-post-thumbnail","hentry"],"acf":[],"_links":{"self":[{"href":"https:\/\/graficaquantica.com\/index.php?rest_route=\/wp\/v2\/pages\/1","targetHints":{"allow":["GET"]}}],"collection":[{"href":"https:\/\/graficaquantica.com\/index.php?rest_route=\/wp\/v2\/pages"}],"about":[{"href":"https:\/\/graficaquantica.com\/index.php?rest_route=\/wp\/v2\/types\/page"}],"author":[{"embeddable":true,"href":"https:\/\/graficaquantica.com\/index.php?rest_route=\/wp\/v2\/users\/1"}],"replies":[{"embeddable":true,"href":"https:\/\/graficaquantica.com\/index.php?rest_route=%2Fwp%2Fv2%2Fcomments&post=1"}],"version-history":[{"count":66,"href":"https:\/\/graficaquantica.com\/index.php?rest_route=\/wp\/v2\/pages\/1\/revisions"}],"predecessor-version":[{"id":1825,"href":"https:\/\/graficaquantica.com\/index.php?rest_route=\/wp\/v2\/pages\/1\/revisions\/1825"}],"wp:featuredmedia":[{"embeddable":true,"href":"https:\/\/graficaquantica.com\/index.php?rest_route=\/wp\/v2\/media\/1000"}],"wp:attachment":[{"href":"https:\/\/graficaquantica.com\/index.php?rest_route=%2Fwp%2Fv2%2Fmedia&parent=1"}],"curies":[{"name":"wp","href":"https:\/\/api.w.org\/{rel}","templated":true}]}}